{"id":13,"date":"2025-07-04T07:34:37","date_gmt":"2025-07-04T07:34:37","guid":{"rendered":"https:\/\/am-ried.schule\/?page_id=13"},"modified":"2026-02-19T17:33:40","modified_gmt":"2026-02-19T17:33:40","slug":"ai-scouts","status":"publish","type":"page","link":"https:\/\/am-ried.schule\/","title":{"rendered":"AI Scouts"},"content":{"rendered":"\t\t<div data-elementor-type=\"wp-page\" data-elementor-id=\"13\" class=\"elementor elementor-13\" data-elementor-post-type=\"page\">\n\t\t\t\t<div class=\"elementor-element elementor-element-bba3394 e-con-full e-flex e-con e-parent\" data-id=\"bba3394\" data-element_type=\"container\" data-e-type=\"container\" data-settings=\"{&quot;background_background&quot;:&quot;classic&quot;,&quot;sticky&quot;:&quot;top&quot;,&quot;sticky_on&quot;:[&quot;desktop&quot;,&quot;tablet&quot;,&quot;mobile&quot;],&quot;sticky_offset&quot;:0,&quot;sticky_effects_offset&quot;:0,&quot;sticky_anchor_link_offset&quot;:0}\">\n\t\t<div class=\"elementor-element elementor-element-5cd49459 e-flex e-con-boxed e-con e-child\" data-id=\"5cd49459\" data-element_type=\"container\" data-e-type=\"container\">\n\t\t\t\t\t<div class=\"e-con-inner\">\n\t\t\t\t<div class=\"elementor-element elementor-element-83cd89a elementor-widget elementor-widget-image\" data-id=\"83cd89a\" data-element_type=\"widget\" data-e-type=\"widget\" data-widget_type=\"image.default\">\n\t\t\t\t\t\t\t\t\t\t\t\t\t\t\t<img decoding=\"async\" width=\"160\" height=\"143\" src=\"https:\/\/am-ried.schule\/wp-content\/uploads\/2025\/07\/download-3-e1751540711675.png\" class=\"attachment-large size-large wp-image-15\" alt=\"\" \/>\t\t\t\t\t\t\t\t\t\t\t\t\t\t\t<\/div>\n\t\t\t\t<div class=\"elementor-element elementor-element-7b3f67de elementor-widget elementor-widget-text-editor\" data-id=\"7b3f67de\" data-element_type=\"widget\" data-e-type=\"widget\" data-widget_type=\"text-editor.default\">\n\t\t\t\t\t\t\t\t\t<p>SCOUTS<\/p>\t\t\t\t\t\t\t\t<\/div>\n\t\t\t\t\t<\/div>\n\t\t\t\t<\/div>\n\t\t<div class=\"elementor-element elementor-element-19949e49 e-con-full e-flex e-con e-child\" data-id=\"19949e49\" data-element_type=\"container\" data-e-type=\"container\">\n\t\t\t\t<div class=\"elementor-element elementor-element-3f67c70 elementor-widget elementor-widget-heading\" data-id=\"3f67c70\" data-element_type=\"widget\" data-e-type=\"widget\" data-widget_type=\"heading.default\">\n\t\t\t\t\t<h2 class=\"elementor-heading-title elementor-size-default\"><a href=\"https:\/\/am-ried.schule\/\">Startseite<\/a><\/h2>\t\t\t\t<\/div>\n\t\t\t\t<div class=\"elementor-element elementor-element-2e77713c elementor-widget__width-auto elementor-widget elementor-widget-button\" data-id=\"2e77713c\" data-element_type=\"widget\" data-e-type=\"widget\" data-widget_type=\"button.default\">\n\t\t\t\t\t\t\t\t\t\t<a class=\"elementor-button elementor-button-link elementor-size-sm\" href=\"https:\/\/www.taskcards.de\/#\/board\/c449d536-9f9c-4177-8392-3872a4d32477\/view?token=fd9c58c8-3599-4593-9585-b52e2f011de7\" target=\"_blank\">\n\t\t\t\t\t\t<span class=\"elementor-button-content-wrapper\">\n\t\t\t\t\t\t<span class=\"elementor-button-icon\">\n\t\t\t\t<svg aria-hidden=\"true\" class=\"e-font-icon-svg e-fas-download\" viewBox=\"0 0 512 512\" xmlns=\"http:\/\/www.w3.org\/2000\/svg\"><path d=\"M216 0h80c13.3 0 24 10.7 24 24v168h87.7c17.8 0 26.7 21.5 14.1 34.1L269.7 378.3c-7.5 7.5-19.8 7.5-27.3 0L90.1 226.1c-12.6-12.6-3.7-34.1 14.1-34.1H192V24c0-13.3 10.7-24 24-24zm296 376v112c0 13.3-10.7 24-24 24H24c-13.3 0-24-10.7-24-24V376c0-13.3 10.7-24 24-24h146.7l49 49c20.1 20.1 52.5 20.1 72.6 0l49-49H488c13.3 0 24 10.7 24 24zm-124 88c0-11-9-20-20-20s-20 9-20 20 9 20 20 20 20-9 20-20zm64 0c0-11-9-20-20-20s-20 9-20 20 9 20 20 20 20-9 20-20z\"><\/path><\/svg>\t\t\t<\/span>\n\t\t\t\t\t\t\t\t\t<span class=\"elementor-button-text\">DOWNLOADS<\/span>\n\t\t\t\t\t<\/span>\n\t\t\t\t\t<\/a>\n\t\t\t\t\t\t\t\t<\/div>\n\t\t\t\t<\/div>\n\t\t\t\t<\/div>\n\t\t<div class=\"elementor-element elementor-element-2302a37d e-flex e-con-boxed e-con e-parent\" data-id=\"2302a37d\" data-element_type=\"container\" data-e-type=\"container\" data-settings=\"{&quot;background_background&quot;:&quot;classic&quot;}\">\n\t\t\t\t\t<div class=\"e-con-inner\">\n\t\t\t\t<div class=\"elementor-element elementor-element-22e9e0f3 elementor-widget__width-initial elementor-widget elementor-widget-text-editor\" data-id=\"22e9e0f3\" data-element_type=\"widget\" data-e-type=\"widget\" data-widget_type=\"text-editor.default\">\n\t\t\t\t\t\t\t\t\t<p>PROJEKT: AI SCOUTS<\/p>\t\t\t\t\t\t\t\t<\/div>\n\t\t\t\t<div class=\"elementor-element elementor-element-347af1c4 elementor-widget__width-initial elementor-widget elementor-widget-text-editor\" data-id=\"347af1c4\" data-element_type=\"widget\" data-e-type=\"widget\" data-widget_type=\"text-editor.default\">\n\t\t\t\t\t\t\t\t\t<p data-start=\"125\" data-end=\"296\">In einer Welt, in der K\u00fcnstliche Intelligenz unseren Alltag pr\u00e4gt, brauchen junge Menschen mehr als nur technisches Know-how \u2013 sie brauchen Haltung, Urteilsverm\u00f6gen und Kreativit\u00e4t.<br data-start=\"328\" data-end=\"331\" \/>Das Projekt <strong data-start=\"343\" data-end=\"356\">AI-Scouts<\/strong> bef\u00e4higt Sch\u00fcler*innen, sich eigenst\u00e4ndig Wissen \u00fcber KI anzueignen, kritisch zu reflektieren und ihr Wissen an andere weiterzugeben.<br data-start=\"490\" data-end=\"493\" \/>\ud83d\udc65 Peer-Learning, \ud83e\udde0 Future Skills und \ud83c\udfaf echte Anwendung \u2013 all das vereint dieser innovative Projektansatz.<\/p>\t\t\t\t\t\t\t\t<\/div>\n\t\t\t\t<div class=\"elementor-element elementor-element-4bbf795a elementor-widget elementor-widget-spacer\" data-id=\"4bbf795a\" data-element_type=\"widget\" data-e-type=\"widget\" id=\"leistungen\" data-widget_type=\"spacer.default\">\n\t\t\t\t\t\t\t<div class=\"elementor-spacer\">\n\t\t\t<div class=\"elementor-spacer-inner\"><\/div>\n\t\t<\/div>\n\t\t\t\t\t\t<\/div>\n\t\t\t\t\t<\/div>\n\t\t\t\t<\/div>\n\t\t<div class=\"elementor-element elementor-element-daf7b4a e-flex e-con-boxed e-con e-parent\" data-id=\"daf7b4a\" data-element_type=\"container\" data-e-type=\"container\" data-settings=\"{&quot;background_background&quot;:&quot;classic&quot;}\">\n\t\t\t\t\t<div class=\"e-con-inner\">\n\t\t\t\t\t<\/div>\n\t\t\t\t<\/div>\n\t\t<div class=\"elementor-element elementor-element-2088373a e-flex e-con-boxed e-con e-parent\" data-id=\"2088373a\" data-element_type=\"container\" data-e-type=\"container\" data-settings=\"{&quot;background_background&quot;:&quot;classic&quot;}\">\n\t\t\t\t\t<div class=\"e-con-inner\">\n\t\t\t\t<div class=\"elementor-element elementor-element-672967b8 elementor-widget__width-initial elementor-widget elementor-widget-text-editor\" data-id=\"672967b8\" data-element_type=\"widget\" data-e-type=\"widget\" data-widget_type=\"text-editor.default\">\n\t\t\t\t\t\t\t\t\t<h2 data-start=\"275\" data-end=\"315\">Zusammenfassung\/Projekt\u00fcbersicht<\/h2>\t\t\t\t\t\t\t\t<\/div>\n\t\t<div class=\"elementor-element elementor-element-4d7d7a95 e-con-full e-transform e-flex elementor-invisible e-con e-child\" data-id=\"4d7d7a95\" data-element_type=\"container\" data-e-type=\"container\" data-settings=\"{&quot;background_background&quot;:&quot;classic&quot;,&quot;animation&quot;:&quot;fadeIn&quot;,&quot;_transform_rotateZ_effect_hover&quot;:{&quot;unit&quot;:&quot;px&quot;,&quot;size&quot;:-1,&quot;sizes&quot;:[]},&quot;_transform_rotateZ_effect_hover_tablet&quot;:{&quot;unit&quot;:&quot;deg&quot;,&quot;size&quot;:&quot;&quot;,&quot;sizes&quot;:[]},&quot;_transform_rotateZ_effect_hover_mobile&quot;:{&quot;unit&quot;:&quot;deg&quot;,&quot;size&quot;:&quot;&quot;,&quot;sizes&quot;:[]}}\">\n\t\t\t\t<div class=\"elementor-element elementor-element-14db563d elementor-widget__width-initial elementor-widget elementor-widget-text-editor\" data-id=\"14db563d\" data-element_type=\"widget\" data-e-type=\"widget\" data-widget_type=\"text-editor.default\">\n\t\t\t\t\t\t\t\t\t<h3 data-start=\"314\" data-end=\"353\">1\ufe0f\u20e3 <strong data-start=\"322\" data-end=\"353\">Warum braucht es AI-Scouts?<\/strong><\/h3>\t\t\t\t\t\t\t\t<\/div>\n\t\t\t\t<div class=\"elementor-element elementor-element-3b97e0bb elementor-widget__width-inherit elementor-widget elementor-widget-text-editor\" data-id=\"3b97e0bb\" data-element_type=\"widget\" data-e-type=\"widget\" data-widget_type=\"text-editor.default\">\n\t\t\t\t\t\t\t\t\t<p>\ud83d\udca1 KI ist \u00fcberall \u2013 aber was bedeutet das f\u00fcr junge Menschen? Die Sch\u00fcler*innen reflektieren, warum es heute wichtig ist, KI zu verstehen und sich kritisch damit auseinanderzusetzen.<\/p>\t\t\t\t\t\t\t\t<\/div>\n\t\t\t\t<\/div>\n\t\t<div class=\"elementor-element elementor-element-1ffa69d2 e-con-full e-transform e-transform e-flex elementor-invisible e-con e-child\" data-id=\"1ffa69d2\" data-element_type=\"container\" data-e-type=\"container\" data-settings=\"{&quot;background_background&quot;:&quot;classic&quot;,&quot;animation&quot;:&quot;fadeIn&quot;,&quot;_transform_rotateZ_effect_hover&quot;:{&quot;unit&quot;:&quot;px&quot;,&quot;size&quot;:2,&quot;sizes&quot;:[]},&quot;_transform_rotateZ_effect&quot;:{&quot;unit&quot;:&quot;px&quot;,&quot;size&quot;:&quot;&quot;,&quot;sizes&quot;:[]},&quot;_transform_rotateZ_effect_tablet&quot;:{&quot;unit&quot;:&quot;deg&quot;,&quot;size&quot;:&quot;&quot;,&quot;sizes&quot;:[]},&quot;_transform_rotateZ_effect_mobile&quot;:{&quot;unit&quot;:&quot;deg&quot;,&quot;size&quot;:&quot;&quot;,&quot;sizes&quot;:[]},&quot;_transform_rotateZ_effect_hover_tablet&quot;:{&quot;unit&quot;:&quot;deg&quot;,&quot;size&quot;:&quot;&quot;,&quot;sizes&quot;:[]},&quot;_transform_rotateZ_effect_hover_mobile&quot;:{&quot;unit&quot;:&quot;deg&quot;,&quot;size&quot;:&quot;&quot;,&quot;sizes&quot;:[]}}\">\n\t\t\t\t<div class=\"elementor-element elementor-element-1f2894b4 elementor-widget__width-initial elementor-widget elementor-widget-text-editor\" data-id=\"1f2894b4\" data-element_type=\"widget\" data-e-type=\"widget\" data-widget_type=\"text-editor.default\">\n\t\t\t\t\t\t\t\t\t<h3 data-start=\"637\" data-end=\"680\">2\ufe0f\u20e3 <strong data-start=\"645\" data-end=\"680\">Vom eigenen Lernen zum Transfer<\/strong><\/h3>\t\t\t\t\t\t\t\t<\/div>\n\t\t\t\t<div class=\"elementor-element elementor-element-4626353b elementor-widget__width-inherit elementor-widget elementor-widget-text-editor\" data-id=\"4626353b\" data-element_type=\"widget\" data-e-type=\"widget\" data-widget_type=\"text-editor.default\">\n\t\t\t\t\t\t\t\t\t<p>\ud83d\udde3\ufe0f Wissen aneignen, vertiefen und weitergeben: Die Sch\u00fcler*innen w\u00e4hlen eigene Schwerpunkte, erarbeiten Inhalte selbst und bereiten sie f\u00fcr andere auf.<\/p>\t\t\t\t\t\t\t\t<\/div>\n\t\t\t\t<\/div>\n\t\t<div class=\"elementor-element elementor-element-3337b2ef e-con-full e-transform e-flex elementor-invisible e-con e-child\" data-id=\"3337b2ef\" data-element_type=\"container\" data-e-type=\"container\" data-settings=\"{&quot;background_background&quot;:&quot;classic&quot;,&quot;animation&quot;:&quot;fadeIn&quot;,&quot;_transform_rotateZ_effect_hover&quot;:{&quot;unit&quot;:&quot;px&quot;,&quot;size&quot;:-1,&quot;sizes&quot;:[]},&quot;_transform_rotateZ_effect_hover_tablet&quot;:{&quot;unit&quot;:&quot;deg&quot;,&quot;size&quot;:&quot;&quot;,&quot;sizes&quot;:[]},&quot;_transform_rotateZ_effect_hover_mobile&quot;:{&quot;unit&quot;:&quot;deg&quot;,&quot;size&quot;:&quot;&quot;,&quot;sizes&quot;:[]}}\">\n\t\t\t\t<div class=\"elementor-element elementor-element-45b9de2 elementor-widget__width-initial elementor-widget elementor-widget-text-editor\" data-id=\"45b9de2\" data-element_type=\"widget\" data-e-type=\"widget\" data-widget_type=\"text-editor.default\">\n\t\t\t\t\t\t\t\t\t<h3 data-start=\"931\" data-end=\"990\">3\ufe0f\u20e3 <strong data-start=\"939\" data-end=\"990\">Chancen und Risiken \u2013 Wie wollen wir KI nutzen?<\/strong><\/h3>\t\t\t\t\t\t\t\t<\/div>\n\t\t\t\t<div class=\"elementor-element elementor-element-422cc3b0 elementor-widget__width-inherit elementor-widget elementor-widget-text-editor\" data-id=\"422cc3b0\" data-element_type=\"widget\" data-e-type=\"widget\" data-widget_type=\"text-editor.default\">\n\t\t\t\t\t\t\t\t\t<p>\u2696\ufe0f KI kann inspirieren \u2013 aber auch manipulieren. Die Sch\u00fcler*innen lernen mit Bildgeneratoren zu arbeiten und diskutieren \u00fcber Verantwortung und Ethik.<\/p>\t\t\t\t\t\t\t\t<\/div>\n\t\t\t\t<\/div>\n\t\t<div class=\"elementor-element elementor-element-a83c1d7 e-con-full e-transform e-transform e-flex elementor-invisible e-con e-child\" data-id=\"a83c1d7\" data-element_type=\"container\" data-e-type=\"container\" data-settings=\"{&quot;background_background&quot;:&quot;classic&quot;,&quot;animation&quot;:&quot;fadeIn&quot;,&quot;_transform_rotateZ_effect_hover&quot;:{&quot;unit&quot;:&quot;px&quot;,&quot;size&quot;:2,&quot;sizes&quot;:[]},&quot;_transform_rotateZ_effect&quot;:{&quot;unit&quot;:&quot;px&quot;,&quot;size&quot;:&quot;&quot;,&quot;sizes&quot;:[]},&quot;_transform_rotateZ_effect_tablet&quot;:{&quot;unit&quot;:&quot;deg&quot;,&quot;size&quot;:&quot;&quot;,&quot;sizes&quot;:[]},&quot;_transform_rotateZ_effect_mobile&quot;:{&quot;unit&quot;:&quot;deg&quot;,&quot;size&quot;:&quot;&quot;,&quot;sizes&quot;:[]},&quot;_transform_rotateZ_effect_hover_tablet&quot;:{&quot;unit&quot;:&quot;deg&quot;,&quot;size&quot;:&quot;&quot;,&quot;sizes&quot;:[]},&quot;_transform_rotateZ_effect_hover_mobile&quot;:{&quot;unit&quot;:&quot;deg&quot;,&quot;size&quot;:&quot;&quot;,&quot;sizes&quot;:[]}}\">\n\t\t\t\t<div class=\"elementor-element elementor-element-2214880c elementor-widget__width-initial elementor-widget elementor-widget-text-editor\" data-id=\"2214880c\" data-element_type=\"widget\" data-e-type=\"widget\" data-widget_type=\"text-editor.default\">\n\t\t\t\t\t\t\t\t\t<h3 data-start=\"1235\" data-end=\"1298\">4\ufe0f\u20e3 <strong data-start=\"1243\" data-end=\"1298\">Wissen vertiefen \u2013 Wie erwerben wir KI-Kompetenzen?<\/strong><\/h3>\t\t\t\t\t\t\t\t<\/div>\n\t\t\t\t<div class=\"elementor-element elementor-element-3a047914 elementor-widget__width-inherit elementor-widget elementor-widget-text-editor\" data-id=\"3a047914\" data-element_type=\"widget\" data-e-type=\"widget\" data-widget_type=\"text-editor.default\">\n\t\t\t\t\t\t\t\t\t<p data-start=\"1472\" data-end=\"1543\">\ud83e\udd16 Gute Ergebnisse brauchen gutes Prompting. Die AI-Scouts trainieren mit Mega-Prompts und analysieren, wie man KI effektiv und reflektiert nutzt.<\/p>\t\t\t\t\t\t\t\t<\/div>\n\t\t\t\t<\/div>\n\t\t<div class=\"elementor-element elementor-element-179850c e-con-full e-transform e-flex elementor-invisible e-con e-child\" data-id=\"179850c\" data-element_type=\"container\" data-e-type=\"container\" data-settings=\"{&quot;background_background&quot;:&quot;classic&quot;,&quot;animation&quot;:&quot;fadeIn&quot;,&quot;_transform_rotateZ_effect_hover&quot;:{&quot;unit&quot;:&quot;px&quot;,&quot;size&quot;:-1,&quot;sizes&quot;:[]},&quot;_transform_rotateZ_effect_hover_tablet&quot;:{&quot;unit&quot;:&quot;deg&quot;,&quot;size&quot;:&quot;&quot;,&quot;sizes&quot;:[]},&quot;_transform_rotateZ_effect_hover_mobile&quot;:{&quot;unit&quot;:&quot;deg&quot;,&quot;size&quot;:&quot;&quot;,&quot;sizes&quot;:[]}}\">\n\t\t\t\t<div class=\"elementor-element elementor-element-76400baf elementor-widget__width-initial elementor-widget elementor-widget-text-editor\" data-id=\"76400baf\" data-element_type=\"widget\" data-e-type=\"widget\" data-widget_type=\"text-editor.default\">\n\t\t\t\t\t\t\t\t\t<h3 data-start=\"1535\" data-end=\"1593\">5\ufe0f\u20e3 <strong data-start=\"1543\" data-end=\"1593\">Aufmerksam bleiben \u2013 Woran erkennen wir Fakes?<\/strong><\/h3>\t\t\t\t\t\t\t\t<\/div>\n\t\t\t\t<div class=\"elementor-element elementor-element-448a3e2a elementor-widget__width-inherit elementor-widget elementor-widget-text-editor\" data-id=\"448a3e2a\" data-element_type=\"widget\" data-e-type=\"widget\" data-widget_type=\"text-editor.default\">\n\t\t\t\t\t\t\t\t\t<p>\ud83d\udd0d Deep Fakes erkennen, Fake News hinterfragen: In spielerischen Formaten lernen die Sch\u00fcler*innen, digitale Inhalte kritisch zu analysieren.<\/p>\t\t\t\t\t\t\t\t<\/div>\n\t\t\t\t<\/div>\n\t\t<div class=\"elementor-element elementor-element-507addee e-con-full e-transform e-transform e-flex elementor-invisible e-con e-child\" data-id=\"507addee\" data-element_type=\"container\" data-e-type=\"container\" data-settings=\"{&quot;background_background&quot;:&quot;classic&quot;,&quot;animation&quot;:&quot;fadeIn&quot;,&quot;_transform_rotateZ_effect_hover&quot;:{&quot;unit&quot;:&quot;px&quot;,&quot;size&quot;:2,&quot;sizes&quot;:[]},&quot;_transform_rotateZ_effect&quot;:{&quot;unit&quot;:&quot;px&quot;,&quot;size&quot;:&quot;&quot;,&quot;sizes&quot;:[]},&quot;_transform_rotateZ_effect_tablet&quot;:{&quot;unit&quot;:&quot;deg&quot;,&quot;size&quot;:&quot;&quot;,&quot;sizes&quot;:[]},&quot;_transform_rotateZ_effect_mobile&quot;:{&quot;unit&quot;:&quot;deg&quot;,&quot;size&quot;:&quot;&quot;,&quot;sizes&quot;:[]},&quot;_transform_rotateZ_effect_hover_tablet&quot;:{&quot;unit&quot;:&quot;deg&quot;,&quot;size&quot;:&quot;&quot;,&quot;sizes&quot;:[]},&quot;_transform_rotateZ_effect_hover_mobile&quot;:{&quot;unit&quot;:&quot;deg&quot;,&quot;size&quot;:&quot;&quot;,&quot;sizes&quot;:[]}}\">\n\t\t\t\t<div class=\"elementor-element elementor-element-4ab69f40 elementor-widget__width-initial elementor-widget elementor-widget-text-editor\" data-id=\"4ab69f40\" data-element_type=\"widget\" data-e-type=\"widget\" data-widget_type=\"text-editor.default\">\n\t\t\t\t\t\t\t\t\t<h3 data-start=\"1820\" data-end=\"1890\">6\ufe0f\u20e3 <strong data-start=\"1828\" data-end=\"1890\">AI-Scouts im Einsatz \u2013 Wissenstransfer durch Peer-Learning<\/strong><\/h3>\t\t\t\t\t\t\t\t<\/div>\n\t\t\t\t<div class=\"elementor-element elementor-element-1bee7b9 elementor-widget__width-inherit elementor-widget elementor-widget-text-editor\" data-id=\"1bee7b9\" data-element_type=\"widget\" data-e-type=\"widget\" data-widget_type=\"text-editor.default\">\n\t\t\t\t\t\t\t\t\t<p data-start=\"1472\" data-end=\"1543\">\ud83d\udce2 Die Sch\u00fcler*innen geben ihr Wissen weiter, gestalten Unterrichtseinheiten, erstellen Materialien und zeigen auf, wie man mit KI verantwortungsvoll umgeht.<\/p>\t\t\t\t\t\t\t\t<\/div>\n\t\t\t\t<\/div>\n\t\t<div class=\"elementor-element elementor-element-6f1de715 e-con-full e-transform e-flex elementor-invisible e-con e-child\" data-id=\"6f1de715\" data-element_type=\"container\" data-e-type=\"container\" data-settings=\"{&quot;background_background&quot;:&quot;classic&quot;,&quot;animation&quot;:&quot;fadeIn&quot;,&quot;_transform_rotateZ_effect_hover&quot;:{&quot;unit&quot;:&quot;px&quot;,&quot;size&quot;:-1,&quot;sizes&quot;:[]},&quot;_transform_rotateZ_effect_hover_tablet&quot;:{&quot;unit&quot;:&quot;deg&quot;,&quot;size&quot;:&quot;&quot;,&quot;sizes&quot;:[]},&quot;_transform_rotateZ_effect_hover_mobile&quot;:{&quot;unit&quot;:&quot;deg&quot;,&quot;size&quot;:&quot;&quot;,&quot;sizes&quot;:[]}}\">\n\t\t\t\t<div class=\"elementor-element elementor-element-5e2f7753 elementor-widget__width-initial elementor-widget elementor-widget-text-editor\" data-id=\"5e2f7753\" data-element_type=\"widget\" data-e-type=\"widget\" data-widget_type=\"text-editor.default\">\n\t\t\t\t\t\t\t\t\t<h3 data-start=\"2135\" data-end=\"2190\">7\ufe0f\u20e3 <strong data-start=\"2143\" data-end=\"2190\">Selbstreflexion \u2013 Welche Werte leiten mich?<\/strong><\/h3>\t\t\t\t\t\t\t\t<\/div>\n\t\t\t\t<div class=\"elementor-element elementor-element-3fa29ce4 elementor-widget__width-inherit elementor-widget elementor-widget-text-editor\" data-id=\"3fa29ce4\" data-element_type=\"widget\" data-e-type=\"widget\" id=\"download\" data-widget_type=\"text-editor.default\">\n\t\t\t\t\t\t\t\t\t<p>\ud83e\udded Was bedeutet W\u00fcrde in der digitalen Welt? Die Sch\u00fcler*innen reflektieren \u00fcber ihre Haltung zu KI, Demokratie, Menschenrechten und sozialer Verantwortung.<\/p>\t\t\t\t\t\t\t\t<\/div>\n\t\t\t\t<\/div>\n\t\t\t\t\t<\/div>\n\t\t\t\t<\/div>\n\t\t<a class=\"elementor-element elementor-element-1012f03 e-flex e-con-boxed e-con e-parent\" data-id=\"1012f03\" data-element_type=\"container\" data-e-type=\"container\" data-settings=\"{&quot;background_background&quot;:&quot;classic&quot;}\" href=\"https:\/\/www.taskcards.de\/#\/board\/c449d536-9f9c-4177-8392-3872a4d32477\/view?token=fd9c58c8-3599-4593-9585-b52e2f011de7\" target=\"_blank\">\n\t\t\t\t\t<div class=\"e-con-inner\">\n\t\t\t\t<div class=\"elementor-element elementor-element-1ad1607 elementor-widget__width-initial elementor-widget elementor-widget-text-editor\" data-id=\"1ad1607\" data-element_type=\"widget\" data-e-type=\"widget\" data-widget_type=\"text-editor.default\">\n\t\t\t\t\t\t\t\t\t<h2 data-start=\"2441\" data-end=\"2467\">\ud83d\udce5 Zum <strong data-start=\"2447\" data-end=\"2467\">Downloadbereich<\/strong><\/h2>\t\t\t\t\t\t\t\t<\/div>\n\t\t\t\t\t<\/div>\n\t\t\t\t<\/a>\n\t\t<div class=\"elementor-element elementor-element-636b9b5 e-flex e-con-boxed e-con e-parent\" data-id=\"636b9b5\" data-element_type=\"container\" data-e-type=\"container\">\n\t\t\t\t\t<div class=\"e-con-inner\">\n\t\t\t\t<div class=\"elementor-element elementor-element-728c688 elementor-widget__width-auto elementor-widget elementor-widget-text-editor\" data-id=\"728c688\" data-element_type=\"widget\" data-e-type=\"widget\" data-widget_type=\"text-editor.default\">\n\t\t\t\t\t\t\t\t\t<p><a href=\"https:\/\/am-ried.schule\/index.php\/impressum\/\">Impressum<\/a><\/p>\t\t\t\t\t\t\t\t<\/div>\n\t\t\t\t<div class=\"elementor-element elementor-element-4935d92 elementor-widget__width-auto elementor-widget elementor-widget-text-editor\" data-id=\"4935d92\" data-element_type=\"widget\" data-e-type=\"widget\" data-widget_type=\"text-editor.default\">\n\t\t\t\t\t\t\t\t\t<p><a href=\"https:\/\/am-ried.schule\/index.php\/datenschutz\/\">Datenschutz<\/a><\/p>\t\t\t\t\t\t\t\t<\/div>\n\t\t\t\t\t<\/div>\n\t\t\t\t<\/div>\n\t\t\t\t<\/div>\n\t\t","protected":false},"excerpt":{"rendered":"<p>SCOUTS Startseite DOWNLOADS PROJEKT: AI SCOUTS In einer Welt, in der K\u00fcnstliche Intelligenz unseren Alltag pr\u00e4gt, brauchen junge Menschen mehr als nur technisches Know-how \u2013 sie brauchen Haltung, Urteilsverm\u00f6gen und Kreativit\u00e4t.Das Projekt AI-Scouts bef\u00e4higt Sch\u00fcler*innen, sich eigenst\u00e4ndig Wissen \u00fcber KI anzueignen, kritisch zu reflektieren und ihr Wissen an andere weiterzugeben.\ud83d\udc65 Peer-Learning, \ud83e\udde0 Future Skills und [&hellip;]<\/p>\n","protected":false},"author":2,"featured_media":0,"parent":0,"menu_order":0,"comment_status":"closed","ping_status":"closed","template":"elementor_canvas","meta":{"footnotes":""},"class_list":["post-13","page","type-page","status-publish","hentry"],"_links":{"self":[{"href":"https:\/\/am-ried.schule\/index.php\/wp-json\/wp\/v2\/pages\/13","targetHints":{"allow":["GET"]}}],"collection":[{"href":"https:\/\/am-ried.schule\/index.php\/wp-json\/wp\/v2\/pages"}],"about":[{"href":"https:\/\/am-ried.schule\/index.php\/wp-json\/wp\/v2\/types\/page"}],"author":[{"embeddable":true,"href":"https:\/\/am-ried.schule\/index.php\/wp-json\/wp\/v2\/users\/2"}],"replies":[{"embeddable":true,"href":"https:\/\/am-ried.schule\/index.php\/wp-json\/wp\/v2\/comments?post=13"}],"version-history":[{"count":64,"href":"https:\/\/am-ried.schule\/index.php\/wp-json\/wp\/v2\/pages\/13\/revisions"}],"predecessor-version":[{"id":130,"href":"https:\/\/am-ried.schule\/index.php\/wp-json\/wp\/v2\/pages\/13\/revisions\/130"}],"wp:attachment":[{"href":"https:\/\/am-ried.schule\/index.php\/wp-json\/wp\/v2\/media?parent=13"}],"curies":[{"name":"wp","href":"https:\/\/api.w.org\/{rel}","templated":true}]}}